{"id":16,"date":"2016-02-15T16:09:43","date_gmt":"2016-02-15T16:09:43","guid":{"rendered":"https:\/\/meskmates.com\/?page_id=16"},"modified":"2020-12-22T17:10:06","modified_gmt":"2020-12-22T17:10:06","slug":"contacta","status":"publish","type":"page","link":"https:\/\/meskmates.com\/ca\/contacta\/","title":{"rendered":"Contacta"},"content":{"rendered":"<p><\/p>\n<p>Per tel\u00e8fon:<\/p>\n<p><span style=\"font-size: 24pt;\">644 615 124<\/span><\/p>\n<p>&nbsp;<\/p>\n<p>Per correu electr\u00f2nic<\/p>\n<p><span style=\"font-size: 18pt;\"><a href=\"mailto:info@meskmates.com\">info@meskmates.com<\/a><\/span><\/p>\n<p>Si tens algun dubte o necessites m\u00e9s informaci\u00f3 pots posar-te en contacte<br \/>\namb nosaltres.<\/p>\n<div role=\"form\" class=\"wpcf7\" id=\"wpcf7-f121-o1\" lang=\"ca\" dir=\"ltr\">\n<div class=\"screen-reader-response\"><p role=\"status\" aria-live=\"polite\" aria-atomic=\"true\"><\/p> <ul><\/ul><\/div>\n<form action=\"\/ca\/wp-json\/wp\/v2\/pages\/16#wpcf7-f121-o1\" method=\"post\" class=\"wpcf7-form init\" novalidate=\"novalidate\" data-status=\"init\">\n<div style=\"display: none;\">\n<input type=\"hidden\" name=\"_wpcf7\" value=\"121\" \/>\n<input type=\"hidden\" name=\"_wpcf7_version\" value=\"5.3.2\" \/>\n<input type=\"hidden\" name=\"_wpcf7_locale\" value=\"ca\" \/>\n<input type=\"hidden\" name=\"_wpcf7_unit_tag\" value=\"wpcf7-f121-o1\" \/>\n<input type=\"hidden\" name=\"_wpcf7_container_post\" value=\"0\" \/>\n<input type=\"hidden\" name=\"_wpcf7_posted_data_hash\" value=\"\" \/>\n<\/div>\n<p>Nom*<br \/>\n    <span class=\"wpcf7-form-control-wrap nom\"><input type=\"text\" name=\"nom\" value=\"\" size=\"40\" class=\"wpcf7-form-control wpcf7-text wpcf7-validates-as-required\" aria-required=\"true\" aria-invalid=\"false\" \/><\/span> <\/p>\n<p>Cognoms*<br \/>\n    <span class=\"wpcf7-form-control-wrap cognoms\"><input type=\"text\" name=\"cognoms\" value=\"\" size=\"40\" class=\"wpcf7-form-control wpcf7-text wpcf7-validates-as-required\" aria-required=\"true\" aria-invalid=\"false\" \/><\/span> <\/p>\n<p>Tel\u00e8fon de contacte<br \/>\n <span class=\"wpcf7-form-control-wrap phone\"><input type=\"text\" name=\"phone\" value=\"\" size=\"40\" class=\"wpcf7-form-control wpcf7-text\" aria-invalid=\"false\" \/><\/span> <\/p>\n<p>Correu electr\u00f2nic*<br \/>\n    <span class=\"wpcf7-form-control-wrap correu\"><input type=\"email\" name=\"correu\" value=\"\" size=\"40\" class=\"wpcf7-form-control wpcf7-text wpcf7-email wpcf7-validates-as-required wpcf7-validates-as-email\" aria-required=\"true\" aria-invalid=\"false\" \/><\/span> <\/p>\n<p>Qu\u00e8 t\u2019interessa saber?<br \/>\n    <span class=\"wpcf7-form-control-wrap message\"><textarea name=\"message\" cols=\"40\" rows=\"10\" class=\"wpcf7-form-control wpcf7-textarea\" aria-invalid=\"false\"><\/textarea><\/span> <\/p>\n<p>* Camps obligatoris<br \/>\n<span id=\"wpcf7-6a058f146b9df\" class=\"wpcf7-form-control-wrap honeypot-221-wrap\" style=\"display:none !important; visibility:hidden !important;\"><label  class=\"hp-message\">Deixeu aquest camp buit.<\/label><input class=\"wpcf7-form-control wpcf7-text\"  type=\"text\" name=\"honeypot-221\" value=\"\" size=\"40\" tabindex=\"-1\" autocomplete=\"nope\" \/><\/span><\/p>\n<p><input type=\"submit\" value=\"Enviar\" class=\"wpcf7-form-control wpcf7-submit\" \/><\/p>\n<div class=\"wpcf7-response-output\" aria-hidden=\"true\"><\/div><\/form><\/div>\n<p><\/p>","protected":false},"excerpt":{"rendered":"<p>Per tel\u00e8fon: 644 615 124 &nbsp; Per correu electr\u00f2nic info@meskmates.com Si tens algun dubte o necessites m\u00e9s informaci\u00f3 pots posar-te en contacte amb nosaltres.<\/p>\n","protected":false},"author":1,"featured_media":0,"parent":0,"menu_order":12,"comment_status":"closed","ping_status":"closed","template":"","meta":[],"_links":{"self":[{"href":"https:\/\/meskmates.com\/ca\/wp-json\/wp\/v2\/pages\/16"}],"collection":[{"href":"https:\/\/meskmates.com\/ca\/wp-json\/wp\/v2\/pages"}],"about":[{"href":"https:\/\/meskmates.com\/ca\/wp-json\/wp\/v2\/types\/page"}],"author":[{"embeddable":true,"href":"https:\/\/meskmates.com\/ca\/wp-json\/wp\/v2\/users\/1"}],"replies":[{"embeddable":true,"href":"https:\/\/meskmates.com\/ca\/wp-json\/wp\/v2\/comments?post=16"}],"version-history":[{"count":11,"href":"https:\/\/meskmates.com\/ca\/wp-json\/wp\/v2\/pages\/16\/revisions"}],"predecessor-version":[{"id":1196,"href":"https:\/\/meskmates.com\/ca\/wp-json\/wp\/v2\/pages\/16\/revisions\/1196"}],"wp:attachment":[{"href":"https:\/\/meskmates.com\/ca\/wp-json\/wp\/v2\/media?parent=16"}],"curies":[{"name":"wp","href":"https:\/\/api.w.org\/{rel}","templated":true}]}}