{"id":214,"date":"2016-03-26T15:54:09","date_gmt":"2016-03-26T15:54:09","guid":{"rendered":"https:\/\/meskmates.com\/?page_id=214"},"modified":"2020-12-29T20:10:24","modified_gmt":"2020-12-29T20:10:24","slug":"avis-legal","status":"publish","type":"page","link":"https:\/\/meskmates.com\/ca\/avis-legal\/","title":{"rendered":"Av\u00eds legal"},"content":{"rendered":"<p><\/p>\n<h2><strong>PROPIETAT INTEL\u00b7LECTUAL I INDUSTRIAL<\/strong><\/h2>\n<p>Els continguts d\u2019aquest lloc, secci\u00f3ns els textos, imatges i dissenys gr\u00e0fics, pertanyen a\u00a0<strong>+KMATES <\/strong>, o a tercers que n\u2019han autoritzat el seu \u00fas.\u00a0<strong>+KMATES\u00a0<\/strong> presenta aquests continguts amb finalitats d\u2019informaci\u00f3 i publicitat.\u00a0<strong>+KMATES <\/strong> n\u2019autoritza la utilitzaci\u00f3 exclusivament amb aquestes finalitats. Qualsevol utilitzaci\u00f3 d\u2019aquests dissenys, imatges o textos haur\u00e0 de citar expressament la seva pertinen\u00e7a a <strong>+KMATES <\/strong>, que es reserva el dret a iniciar les accions legals oportunes per reparar els danys i perjudicis causats per qualsevol acte que vulneri els seus drets de propietat intel\u00b7lectual o industrial.<\/p>\n<h2><strong>PROTECCI\u00d3 DE DADES<\/strong><\/h2>\n<p>Les dades personals que es puguin obtenir per mitj\u00e0 del formulari de contacte d\u2019aquesta p\u00e0gina o b\u00e9 per la recepci\u00f3 de correus electr\u00f2nics s\u00f3n tractades amb el m\u00e0xim de confidencialitat i nom\u00e9s s\u2019utilitzaran per atendre les sol\u00b7licituds d\u2019informaci\u00f3 o consultes. \u00danicament s\u2019incorporarien a un fitxer en el cas que s\u2019establ\u00eds una relaci\u00f3 comercial entre <strong>+KMATES<\/strong> i la persona interessada, i sempre amb el coneixement previ d\u2019aquesta persona.<\/p>\n<h2><strong>RESPONSABILITAT SOBRE ELS CONTINGUTS<\/strong><\/h2>\n<p>Tot i que\u00a0<strong>+KMATES <\/strong> actua amb el m\u00e0xim de dilig\u00e8ncia possible, es pot donar el cas que alguna dada o informaci\u00f3 no estigui del tot actualitzada en el moment que l\u2019usuari del lloc web el consulti. Per aix\u00f2\u00a0<strong>+KMATES <\/strong>manifesta que les refer\u00e8ncies dels productes i preus que es presenten en el seu lloc web tenen una funci\u00f3 orientativa i no obliguen a\u00a0<strong>+KMATES <\/strong> fins a la confirmaci\u00f3 expressa.\u00a0<strong>+KMATES <\/strong> es reserva el dret a modificar unilateralment, en qualsevol moment i sense av\u00eds previ, la presentaci\u00f3, configuraci\u00f3 i continguts del web.\u00a0<strong>+KMATES <\/strong>no ser\u00e0 responsable de la informaci\u00f3 que es pugui obtenir a trav\u00e9s d\u2019enlla\u00e7os inclosos en el lloc.<\/p>\n<h2><b> UTILITZACI\u00d3 DE COOKIES <\/b><\/h2>\n<p><strong>+KMATES<\/strong>, informa que aquest lloc web no utilitza cookies que permetin la identificaci\u00f3 dels usuaris del lloc.<\/p>\n<p><\/p>","protected":false},"excerpt":{"rendered":"<p>PROPIETAT INTEL\u00b7LECTUAL I INDUSTRIAL Els continguts d\u2019aquest lloc, secci\u00f3ns els textos, imatges i dissenys gr\u00e0fics, pertanyen a\u00a0+KMATES , o a tercers que n\u2019han autoritzat el seu \u00fas.\u00a0+KMATES\u00a0 presenta aquests continguts amb finalitats d\u2019informaci\u00f3 i publicitat.\u00a0+KMATES n\u2019autoritza la utilitzaci\u00f3 exclusivament amb aquestes finalitats. Qualsevol utilitzaci\u00f3 d\u2019aquests dissenys, imatges o textos haur\u00e0 de citar expressament la seva [&hellip;]<\/p>\n","protected":false},"author":1,"featured_media":0,"parent":0,"menu_order":23,"comment_status":"closed","ping_status":"closed","template":"","meta":[],"_links":{"self":[{"href":"https:\/\/meskmates.com\/ca\/wp-json\/wp\/v2\/pages\/214"}],"collection":[{"href":"https:\/\/meskmates.com\/ca\/wp-json\/wp\/v2\/pages"}],"about":[{"href":"https:\/\/meskmates.com\/ca\/wp-json\/wp\/v2\/types\/page"}],"author":[{"embeddable":true,"href":"https:\/\/meskmates.com\/ca\/wp-json\/wp\/v2\/users\/1"}],"replies":[{"embeddable":true,"href":"https:\/\/meskmates.com\/ca\/wp-json\/wp\/v2\/comments?post=214"}],"version-history":[{"count":4,"href":"https:\/\/meskmates.com\/ca\/wp-json\/wp\/v2\/pages\/214\/revisions"}],"predecessor-version":[{"id":1248,"href":"https:\/\/meskmates.com\/ca\/wp-json\/wp\/v2\/pages\/214\/revisions\/1248"}],"wp:attachment":[{"href":"https:\/\/meskmates.com\/ca\/wp-json\/wp\/v2\/media?parent=214"}],"curies":[{"name":"wp","href":"https:\/\/api.w.org\/{rel}","templated":true}]}}