{"id":401,"date":"2016-11-28T21:25:12","date_gmt":"2016-11-28T21:25:12","guid":{"rendered":"https:\/\/meskmates.com\/?page_id=401"},"modified":"2020-12-22T17:50:46","modified_gmt":"2020-12-22T17:50:46","slug":"inscripcio","status":"publish","type":"page","link":"https:\/\/meskmates.com\/ca\/inscripcio\/","title":{"rendered":"Inscripci\u00f3"},"content":{"rendered":"<p><\/p>\n<div role=\"form\" class=\"wpcf7\" id=\"wpcf7-f388-o1\" lang=\"ca\" dir=\"ltr\">\n<div class=\"screen-reader-response\"><p role=\"status\" aria-live=\"polite\" aria-atomic=\"true\"><\/p> <ul><\/ul><\/div>\n<form action=\"\/ca\/wp-json\/wp\/v2\/pages\/401#wpcf7-f388-o1\" method=\"post\" class=\"wpcf7-form init\" novalidate=\"novalidate\" data-status=\"init\">\n<div style=\"display: none;\">\n<input type=\"hidden\" name=\"_wpcf7\" value=\"388\" \/>\n<input type=\"hidden\" name=\"_wpcf7_version\" value=\"5.3.2\" \/>\n<input type=\"hidden\" name=\"_wpcf7_locale\" value=\"ca\" \/>\n<input type=\"hidden\" name=\"_wpcf7_unit_tag\" value=\"wpcf7-f388-o1\" \/>\n<input type=\"hidden\" name=\"_wpcf7_container_post\" value=\"0\" \/>\n<input type=\"hidden\" name=\"_wpcf7_posted_data_hash\" value=\"\" \/>\n<\/div>\n<p>Nom*<br \/>\n    <span class=\"wpcf7-form-control-wrap nom\"><input type=\"text\" name=\"nom\" value=\"\" size=\"40\" class=\"wpcf7-form-control wpcf7-text wpcf7-validates-as-required\" aria-required=\"true\" aria-invalid=\"false\" \/><\/span> <\/p>\n<p>Cognoms*<br \/>\n    <span class=\"wpcf7-form-control-wrap cognoms\"><input type=\"text\" name=\"cognoms\" value=\"\" size=\"40\" class=\"wpcf7-form-control wpcf7-text wpcf7-validates-as-required\" aria-required=\"true\" aria-invalid=\"false\" \/><\/span> <\/p>\n<p>Titulaci\u00f3 acad\u00e8mica*<br \/>\n    <span class=\"wpcf7-form-control-wrap ctitulacio\"><input type=\"text\" name=\"ctitulacio\" value=\"\" size=\"40\" class=\"wpcf7-form-control wpcf7-text wpcf7-validates-as-required\" aria-required=\"true\" aria-invalid=\"false\" \/><\/span> <\/p>\n<p>Tel\u00e8fon de contacte<br \/>\n <span class=\"wpcf7-form-control-wrap phone\"><input type=\"text\" name=\"phone\" value=\"\" size=\"40\" class=\"wpcf7-form-control wpcf7-text\" aria-invalid=\"false\" \/><\/span> <\/p>\n<p>Correu electr\u00f2nic*<br \/>\n    <span class=\"wpcf7-form-control-wrap correu\"><input type=\"email\" name=\"correu\" value=\"\" size=\"40\" class=\"wpcf7-form-control wpcf7-text wpcf7-email wpcf7-validates-as-required wpcf7-validates-as-email\" aria-required=\"true\" aria-invalid=\"false\" \/><\/span> <\/p>\n<p style=\"display:none\">Programa: <span class=\"wpcf7-form-control-wrap programa\"><input type=\"text\" name=\"programa\" value=\"\" size=\"40\" class=\"wpcf7-form-control wpcf7-text wpcf7-validates-as-required\" aria-required=\"true\" aria-invalid=\"false\" \/><\/span><\/p>\n<\/p>\n<p>Comentaris<br \/>\n    <span class=\"wpcf7-form-control-wrap message\"><textarea name=\"message\" cols=\"40\" rows=\"10\" class=\"wpcf7-form-control wpcf7-textarea\" aria-invalid=\"false\"><\/textarea><\/span> <\/p>\n<p><br\/><\/p>\n<div style=\"text-align:justify\">\n<p>D\u2019acord amb la Llei 15\/99, de 13 de desembre, de protecci\u00f3 de dades de car\u00e0cter, li informem que les dades de car\u00e0cter personal sol\u00b7licitades s\u2019inclouran en el corresponent fitxer responsabilitat de Meskmates. La finalitat de la recollida de les dades, \u00e9s la gesti\u00f3 d\u2019aquesta sol\u00b7licitud i el destinatari de la informaci\u00f3 poden ser altres entitats p\u00fabliques en cas que les dades es comuniquin a un tercer. Tamb\u00e9 accepto rebre noves ofertes d'activitats organitzades des de Meskmates. Amb aquesta inscripci\u00f3, autoritzo a Meskmates, a publicar si escau, les imatges de les fotografies, en les que pugui apar\u00e8ixer, durant la meva participaci\u00f3 en aquesta activitat. Es podr\u00e0 exercir els drets d\u2019acc\u00e9s, rectificaci\u00f3, cancel\u00b7laci\u00f3 i oposici\u00f3 de les dades que es subministren, per mitj\u00e0 del correu electr\u00f2nic a info@meskmates.com.<br \/>\nPer tot el que s\u2019ha exposat anteriorment, i amb la \u00fanica finalitat d\u2019acomplir amb les exig\u00e8ncies de la legislaci\u00f3 vigent en mat\u00e8ria de protecci\u00f3 de dades, signo com a prova d\u2019acceptaci\u00f3.<\/p>\n<\/div>\n<p><span class=\"wpcf7-form-control-wrap checkbox-102\"><span class=\"wpcf7-form-control wpcf7-checkbox wpcf7-validates-as-required\"><span class=\"wpcf7-list-item first last\"><input type=\"checkbox\" name=\"checkbox-102[]\" value=\"He llegit i accepto les condicions\" \/><span class=\"wpcf7-list-item-label\">He llegit i accepto les condicions<\/span><\/span><\/span><\/span><\/p>\n<p>* Camps obligatoris<br \/>\n<span id=\"wpcf7-69f3fd0204944\" class=\"wpcf7-form-control-wrap honeypot-221-wrap\" style=\"display:none !important; visibility:hidden !important;\"><label  class=\"hp-message\">Deixeu aquest camp buit.<\/label><input class=\"wpcf7-form-control wpcf7-text\"  type=\"text\" name=\"honeypot-221\" value=\"\" size=\"40\" tabindex=\"-1\" autocomplete=\"nope\" \/><\/span><\/p>\n<p><input type=\"submit\" value=\"Enviar\" class=\"wpcf7-form-control wpcf7-submit\" \/><\/p>\n<div class=\"wpcf7-response-output\" aria-hidden=\"true\"><\/div><\/form><\/div>\n<p><\/p>","protected":false},"excerpt":{"rendered":"","protected":false},"author":1,"featured_media":0,"parent":0,"menu_order":26,"comment_status":"closed","ping_status":"closed","template":"","meta":[],"_links":{"self":[{"href":"https:\/\/meskmates.com\/ca\/wp-json\/wp\/v2\/pages\/401"}],"collection":[{"href":"https:\/\/meskmates.com\/ca\/wp-json\/wp\/v2\/pages"}],"about":[{"href":"https:\/\/meskmates.com\/ca\/wp-json\/wp\/v2\/types\/page"}],"author":[{"embeddable":true,"href":"https:\/\/meskmates.com\/ca\/wp-json\/wp\/v2\/users\/1"}],"replies":[{"embeddable":true,"href":"https:\/\/meskmates.com\/ca\/wp-json\/wp\/v2\/comments?post=401"}],"version-history":[{"count":7,"href":"https:\/\/meskmates.com\/ca\/wp-json\/wp\/v2\/pages\/401\/revisions"}],"predecessor-version":[{"id":1202,"href":"https:\/\/meskmates.com\/ca\/wp-json\/wp\/v2\/pages\/401\/revisions\/1202"}],"wp:attachment":[{"href":"https:\/\/meskmates.com\/ca\/wp-json\/wp\/v2\/media?parent=401"}],"curies":[{"name":"wp","href":"https:\/\/api.w.org\/{rel}","templated":true}]}}