{"id":8,"date":"2016-02-15T16:09:03","date_gmt":"2016-02-15T16:09:03","guid":{"rendered":"https:\/\/meskmates.com\/?page_id=8"},"modified":"2020-12-29T19:45:14","modified_gmt":"2020-12-29T19:45:14","slug":"qui-som","status":"publish","type":"page","link":"https:\/\/meskmates.com\/ca\/qui-som\/","title":{"rendered":"Qui som"},"content":{"rendered":"<p><\/p>\n<table class=\" aligncenter\" style=\"width: 90%;\">\n<tbody>\n<tr>\n<td style=\"width: 50%; height: 530px; vertical-align: top;\">\n<p>Som la Txell Lucini i l\u2019Eva M\u00aa Costafreda. Les dues ens dediquem al<br \/>\nm\u00f3n de l\u2019educaci\u00f3 des de fa m\u00e9s de quinze anys.<\/p>\n<p>\nTot i les nostres difer\u00e8ncies, ens uneix la passi\u00f3 per l\u2019educaci\u00f3 i per<br \/>\nles matem\u00e0tiques. Tot aix\u00f2 ens ha perm\u00e8s desenvolupar <strong>+KMATES.<\/strong><\/p>\n<p>El seu objectiu \u00e9s l\u2019aprenentatge de les matem\u00e0tiques a trav\u00e9s de<br \/>\nNUMBER TALKS i MATH GAMES.<\/p>\n<p>\nNT i MG proposen una s\u00e8rie d\u2019activitats i jocs, dirigides als alumnes dels cicles de prim\u00e0ria i secund\u00e0ria, basats en el m\u00e8tode d\u2019aprendre a aprendre o saber aprendre.<\/p>\n<p>\nTransmetre tot aix\u00f2 en poques paraules no \u00e9s f\u00e0cil i per aix\u00f2 ens<br \/>\nagradaria poder concertar una visita i explicar-vos en primera<br \/>\npersona i detalladament qu\u00e8 \u00e9s +KMATES.<\/p>\n<\/td>\n<td style=\"width: 25%; padding: 12px; vertical-align: top;\">\n<h3 style=\"text-align: right;\">Eva M\u00aa Costafreda<\/h3>\n<p style=\"text-align: right;\">Llicenciada en Qu\u00edmica.<br \/>\nM\u00e0ster Universitari de Recerca en Educaci\u00f3 (MURE) en l\u2019especialitat de did\u00e0ctica de les matem\u00e0tiques de la UAB.<\/p>\n<p style=\"text-align: right;\">Tutora de secund\u00e0ria i membre dels departaments de ci\u00e8ncies experimentals i matem\u00e0tiques de l\u2019Escola Pia a Caldes de Montbui.\u00a0<\/p>\n<\/td>\n<td style=\"width: 23%; vertical-align: top;\">\n<h3>\u00a0<\/h3>\n<h3>Txell Lucini<\/h3>\n<p style=\"text-align: left;\">Llicenciada en Filologia Anglesa.<\/p>\n<p style=\"text-align: left;\">Titulada en <em>Math Specialist in International Schools<\/em>.<\/p>\n<p style=\"text-align: left;\">Tutora de prim\u00e0ria i coordinadora de les innovacions en matem\u00e0tiques a la BFIS<br \/>\n(Benjamin Franklin International School) a l\u2019etapa de prim\u00e0ria.<\/p>\n<\/td>\n<\/tr>\n<\/tbody>\n<\/table>\n<p>&nbsp;<\/p>\n<p><\/p>","protected":false},"excerpt":{"rendered":"<p>Som la Txell Lucini i l\u2019Eva M\u00aa Costafreda. Les dues ens dediquem al m\u00f3n de l\u2019educaci\u00f3 des de fa m\u00e9s de quinze anys. Tot i les nostres difer\u00e8ncies, ens uneix la passi\u00f3 per l\u2019educaci\u00f3 i per les matem\u00e0tiques. Tot aix\u00f2 ens ha perm\u00e8s desenvolupar +KMATES. El seu objectiu \u00e9s l\u2019aprenentatge de les matem\u00e0tiques a trav\u00e9s [&hellip;]<\/p>\n","protected":false},"author":1,"featured_media":0,"parent":0,"menu_order":4,"comment_status":"closed","ping_status":"closed","template":"","meta":[],"_links":{"self":[{"href":"https:\/\/meskmates.com\/ca\/wp-json\/wp\/v2\/pages\/8"}],"collection":[{"href":"https:\/\/meskmates.com\/ca\/wp-json\/wp\/v2\/pages"}],"about":[{"href":"https:\/\/meskmates.com\/ca\/wp-json\/wp\/v2\/types\/page"}],"author":[{"embeddable":true,"href":"https:\/\/meskmates.com\/ca\/wp-json\/wp\/v2\/users\/1"}],"replies":[{"embeddable":true,"href":"https:\/\/meskmates.com\/ca\/wp-json\/wp\/v2\/comments?post=8"}],"version-history":[{"count":22,"href":"https:\/\/meskmates.com\/ca\/wp-json\/wp\/v2\/pages\/8\/revisions"}],"predecessor-version":[{"id":1186,"href":"https:\/\/meskmates.com\/ca\/wp-json\/wp\/v2\/pages\/8\/revisions\/1186"}],"wp:attachment":[{"href":"https:\/\/meskmates.com\/ca\/wp-json\/wp\/v2\/media?parent=8"}],"curies":[{"name":"wp","href":"https:\/\/api.w.org\/{rel}","templated":true}]}}