{"id":96,"date":"2016-02-18T20:33:12","date_gmt":"2016-02-18T20:33:12","guid":{"rendered":"https:\/\/meskmates.com\/?page_id=96"},"modified":"2021-04-07T07:59:23","modified_gmt":"2021-04-07T07:59:23","slug":"producte-match-games","status":"publish","type":"page","link":"https:\/\/meskmates.com\/ca\/productes\/math-games\/","title":{"rendered":"Math Games"},"content":{"rendered":"<p><\/p>\n<table style=\"width: 100%;\">\n<tbody>\n<tr>\n<td style=\"text-align: left; vertical-align: top;\">\n<h2><img loading=\"lazy\" class=\"alignnone size-full wp-image-99 colorbox-96\" src=\"https:\/\/meskmates.com\/wp-content\/uploads\/2016\/02\/logo-match-games.png\" alt=\"logo-match-games\" width=\"272\" height=\"66\" data-id=\"99\" \/><\/h2>\n<h2>En qu\u00e8 consisteix?<\/h2>\n<p>\u00c9s un conjunt de jocs pensats per donar suport a l\u2019aprenentatge de les matem\u00e0tiques tant a infantil com a prim\u00e0ria.<\/p>\n<h2>Objectius<\/h2>\n<p>Cada joc t\u00e9 un objectiu concret a treballar (descompondre el cinc i el 10, treballar la desena per facilitar el c\u00e0lcul, visualitzar la recta num\u00e8rica, etc).<br \/>\nAmb el material proporcionat i utilitzant la representaci\u00f3 gr\u00e0fica s\u2019introdueixen i es reforcen cada una de les operacions b\u00e0siques que es treballen en aquestes etapes i tamb\u00e9 les seves propietats.<\/p>\n<p>Cada un dels jocs t\u00e9 les seves normes i una vegada aquestes han estan explicades pel mestre\/a els alumnes juguen sense la seva supervisi\u00f3, autogestionant-se.<\/p>\n<p>Tots els jocs promouen el di\u00e0leg, ja que l\u2019alumne explica qu\u00e8 \u00e9s el que est\u00e0 fent als seus companys i el perqu\u00e8. En acabar la sessi\u00f3 hi ha una posada en com\u00fa on el docent recull les conclusions a les quals s\u2019ha arribat i en fa un tancament.<\/p>\n<h2>Beneficis<\/h2>\n<ul>\n<li>L\u2019alumne t\u00e9 en tot moment un paper actiu en el proc\u00e9s, ja que \u00e9s responsable de seguir les normes del joc i autoregular-se.<\/li>\n<li>L\u2019objectiu principal \u00e9s aprendre jugant. Els jocs no tenen una filosofia competitiva i el que realment importa no \u00e9s acabar el primer o obtenir la m\u00e0xima puntuaci\u00f3, sin\u00f3 haver ent\u00e8s el joc.<\/li>\n<li>Els jocs poden durar l\u2019estona que es vulgui. Tots els alumnes poden jugar a un mateix joc o es poden tenir diversos jocs similars funcionant alhora en un mateix espai<\/li>\n<li>La dificultat dels jocs s\u2019adapta a la diversitat que hi ha a l\u2019aula i al nivell dels alumnes.<\/li>\n<\/ul>\n<\/td>\n<td style=\"width: 50%; text-align: right; vertical-align: top;\"><img loading=\"lazy\" class=\"padding_top_100 alignnone wp-image-97 size-full colorbox-96\" src=\"https:\/\/meskmates.com\/wp-content\/uploads\/2016\/02\/Captura-de-pantalla-2016-02-18-a-las-21.27.26.png\" alt=\"Captura de pantalla 2016-02-18 a las 21.27.26\" width=\"378\" height=\"589\" data-id=\"97\" srcset=\"https:\/\/meskmates.com\/wp-content\/uploads\/2016\/02\/Captura-de-pantalla-2016-02-18-a-las-21.27.26.png 378w, https:\/\/meskmates.com\/wp-content\/uploads\/2016\/02\/Captura-de-pantalla-2016-02-18-a-las-21.27.26-193x300.png 193w\" sizes=\"(max-width: 378px) 100vw, 378px\" \/><\/td>\n<\/tr>\n<\/tbody>\n<\/table>\n<p><\/p>","protected":false},"excerpt":{"rendered":"<p>En qu\u00e8 consisteix? \u00c9s un conjunt de jocs pensats per donar suport a l\u2019aprenentatge de les matem\u00e0tiques tant a infantil com a prim\u00e0ria. Objectius Cada joc t\u00e9 un objectiu concret a treballar (descompondre el cinc i el 10, treballar la desena per facilitar el c\u00e0lcul, visualitzar la recta num\u00e8rica, etc). Amb el material proporcionat i [&hellip;]<\/p>\n","protected":false},"author":1,"featured_media":0,"parent":10,"menu_order":8,"comment_status":"closed","ping_status":"closed","template":"","meta":[],"_links":{"self":[{"href":"https:\/\/meskmates.com\/ca\/wp-json\/wp\/v2\/pages\/96"}],"collection":[{"href":"https:\/\/meskmates.com\/ca\/wp-json\/wp\/v2\/pages"}],"about":[{"href":"https:\/\/meskmates.com\/ca\/wp-json\/wp\/v2\/types\/page"}],"author":[{"embeddable":true,"href":"https:\/\/meskmates.com\/ca\/wp-json\/wp\/v2\/users\/1"}],"replies":[{"embeddable":true,"href":"https:\/\/meskmates.com\/ca\/wp-json\/wp\/v2\/comments?post=96"}],"version-history":[{"count":8,"href":"https:\/\/meskmates.com\/ca\/wp-json\/wp\/v2\/pages\/96\/revisions"}],"predecessor-version":[{"id":1267,"href":"https:\/\/meskmates.com\/ca\/wp-json\/wp\/v2\/pages\/96\/revisions\/1267"}],"up":[{"embeddable":true,"href":"https:\/\/meskmates.com\/ca\/wp-json\/wp\/v2\/pages\/10"}],"wp:attachment":[{"href":"https:\/\/meskmates.com\/ca\/wp-json\/wp\/v2\/media?parent=96"}],"curies":[{"name":"wp","href":"https:\/\/api.w.org\/{rel}","templated":true}]}}