{"id":10,"date":"2016-02-15T16:09:16","date_gmt":"2016-02-15T16:09:16","guid":{"rendered":"https:\/\/meskmates.com\/?page_id=10"},"modified":"2021-01-12T08:25:29","modified_gmt":"2021-01-12T08:25:29","slug":"productes","status":"publish","type":"page","link":"https:\/\/meskmates.com\/es\/productos\/","title":{"rendered":"Productos"},"content":{"rendered":"<div class=\"container-full overflow-hidden\"><div class=\"row\" style=\"margin: -1rem 0 0 -1rem !important;width: calc(100% + 2rem); !important;\"><div class=\"col-sm-3 col-xs-6\"><a href=\"https:\/\/meskmates.com\/es\/productos\/number-talks\/\" class=\"db no-underline  dim tc f7\"><img class=\"colorbox-769\"  src=\"https:\/\/meskmates.com\/wp-content\/uploads\/2016\/02\/Number-Talks.png\"><p><strong>\u201cNumber Talks\u201d<\/strong>\u00a0es una rutina que ocupa los primeros momentos de la clase de matem\u00e1ticas y que dura entre 5 y 15 minutos como m\u00e1ximo.<\/p>\n<\/a><\/div><div class=\"col-sm-3 col-xs-6\"><a href=\"https:\/\/meskmates.com\/es\/productos\/math-games\/\" class=\"db no-underline  dim tc f7\"><img class=\"colorbox-769\"  src=\"https:\/\/meskmates.com\/wp-content\/uploads\/2016\/02\/Math-Games.png\"><div>\n<p><strong>\u201cMath Games\u201d <\/strong>es un conjunto de juegos pensados para apoyar el aprendizaje de las matem\u00e1ticas en educaci\u00f3n infantil y primaria.<\/p>\n<\/div>\n<div>\u00a0<\/div>\n<\/a><\/div><div class=\"col-sm-3 col-xs-6\"><a href=\"https:\/\/meskmates.com\/es\/productos\/ae-assesorament-a-escoles\/\" class=\"db no-underline  dim tc f7\"><img class=\"colorbox-769\"  src=\"https:\/\/meskmates.com\/wp-content\/uploads\/2020\/12\/Assessorament-i-formacio-a-les-escoles-1-1.png\"><p><strong>Asesoramiento y formaci\u00f3n <\/strong>en escuelas en el proceso de cambio a metodolog\u00edas m\u00e1s activas, utilizando la manipulaci\u00f3n y el di\u00e1logo matem\u00e1tico como punto de partida para promover este cambio.<\/p>\n<\/a><\/div><div class=\"col-sm-3 col-xs-6\"><a href=\"https:\/\/meskmates.com\/es\/actividades\/\" class=\"db no-underline  dim tc f7\"><img class=\"colorbox-769\"  src=\"https:\/\/meskmates.com\/wp-content\/uploads\/2020\/12\/Activitats-1-1.png\"><p><strong>Actividades y cursos de formaci\u00f3n<\/strong> abiertos a todos los profesionales relacionados directa o indirectamente con la docencia y la educaci\u00f3n.<\/p>\n<\/a><\/div><\/div><\/div>\n","protected":false},"excerpt":{"rendered":"","protected":false},"author":1,"featured_media":0,"parent":0,"menu_order":6,"comment_status":"closed","ping_status":"closed","template":"","meta":[],"_links":{"self":[{"href":"https:\/\/meskmates.com\/es\/wp-json\/wp\/v2\/pages\/10"}],"collection":[{"href":"https:\/\/meskmates.com\/es\/wp-json\/wp\/v2\/pages"}],"about":[{"href":"https:\/\/meskmates.com\/es\/wp-json\/wp\/v2\/types\/page"}],"author":[{"embeddable":true,"href":"https:\/\/meskmates.com\/es\/wp-json\/wp\/v2\/users\/1"}],"replies":[{"embeddable":true,"href":"https:\/\/meskmates.com\/es\/wp-json\/wp\/v2\/comments?post=10"}],"version-history":[{"count":25,"href":"https:\/\/meskmates.com\/es\/wp-json\/wp\/v2\/pages\/10\/revisions"}],"predecessor-version":[{"id":1176,"href":"https:\/\/meskmates.com\/es\/wp-json\/wp\/v2\/pages\/10\/revisions\/1176"}],"wp:attachment":[{"href":"https:\/\/meskmates.com\/es\/wp-json\/wp\/v2\/media?parent=10"}],"curies":[{"name":"wp","href":"https:\/\/api.w.org\/{rel}","templated":true}]}}