{"id":214,"date":"2016-03-26T15:54:09","date_gmt":"2016-03-26T15:54:09","guid":{"rendered":"https:\/\/meskmates.com\/?page_id=214"},"modified":"2020-12-29T20:10:24","modified_gmt":"2020-12-29T20:10:24","slug":"avis-legal","status":"publish","type":"page","link":"https:\/\/meskmates.com\/es\/aviso-legal\/","title":{"rendered":"Aviso legal"},"content":{"rendered":"<p><\/p>\n<h2><strong>PROPIEDAD INTELECTUAL E INDUSTRIAL<\/strong><\/h2>\n<p>Los contenidos de este sitio, secciones los textos, im\u00e1genes y dise\u00f1os gr\u00e1ficos, pertenecen a <strong>+KMATES<\/strong>, o a terceros que han autorizado su uso. <strong>+KMATES<\/strong> presenta estos contenidos con fines de informaci\u00f3n y publicidad. <strong>+KMATES<\/strong> autoriza su utilizaci\u00f3n exclusivamente con estas finalidades. Cualquier utilizaci\u00f3n de estos dise\u00f1os, im\u00e1genes o textos deber\u00e1 citar expresamente su pertenencia a <strong>+KMATES<\/strong>, que se reserva el derecho a iniciar las acciones legales oportunas para reparar los da\u00f1os y perjuicios causados por cualquier acto que vulnere sus derechos de propiedad intelectual \u00b7 intelectual o industrial.<\/p>\n<h2><strong>PROTECCI\u00d3N DE DATOS<\/strong><\/h2>\n<p>Los datos personales que se puedan obtener por medio del formulario de contacto de esta p\u00e1gina o bien por la recepci\u00f3n de correos electr\u00f3nicos son tratados con la m\u00e1xima confidencialidad y s\u00f3lo se utilizar\u00e1n para atender las solicitudes de informaci\u00f3n o consultas. \u00danicamente se incorporar\u00edan a un fichero en el caso de que se estableciera una relaci\u00f3n comercial entre <strong>+KMATES<\/strong> y la persona interesada, y siempre con el conocimiento previo de esta persona.<\/p>\n<h2><strong>RESPONSABILDAD SOBRE LOS CONTENIDOS<\/strong><\/h2>\n<p>Aunque <strong>+KMATES<\/strong> act\u00faa con la m\u00e1xima diligencia posible, puede darse el caso de que alg\u00fan dato o informaci\u00f3n no est\u00e9 del todo actualizada en el momento que el usuario del sitio web lo consulte. Por ello <strong>+KMATES<\/strong> manifiesta que las referencias de los productos y precios que se presentan en su sitio web tienen una funci\u00f3n orientativa y no obligan a <strong>+KMATES<\/strong> hasta la confirmaci\u00f3n expresa. <strong>+KMATES<\/strong> se reserva el derecho a modificar unilateralmente, en cualquier momento y sin previo aviso, la presentaci\u00f3n, configuraci\u00f3n y contenidos de la web. <strong>+KMATES<\/strong> no ser\u00e1 responsable de la informaci\u00f3n que se pueda obtener a trav\u00e9s de enlaces incluidos en el sitio.<\/p>\n<h2><b> UTILIZACI\u00d3N DE COOKIES <\/b><\/h2>\n<p><strong>+KMATES<\/strong>, informa que este sitio web no utiliza cookies que permitan la identificaci\u00f3n de los usuarios del sitio.<\/p>\n<p><\/p>","protected":false},"excerpt":{"rendered":"<p>PROPIEDAD INTELECTUAL E INDUSTRIAL Los contenidos de este sitio, secciones los textos, im\u00e1genes y dise\u00f1os gr\u00e1ficos, pertenecen a +KMATES, o a terceros que han autorizado su uso. +KMATES presenta estos contenidos con fines de informaci\u00f3n y publicidad. +KMATES autoriza su utilizaci\u00f3n exclusivamente con estas finalidades. Cualquier utilizaci\u00f3n de estos dise\u00f1os, im\u00e1genes o textos deber\u00e1 citar [&hellip;]<\/p>\n","protected":false},"author":1,"featured_media":0,"parent":0,"menu_order":23,"comment_status":"closed","ping_status":"closed","template":"","meta":[],"_links":{"self":[{"href":"https:\/\/meskmates.com\/es\/wp-json\/wp\/v2\/pages\/214"}],"collection":[{"href":"https:\/\/meskmates.com\/es\/wp-json\/wp\/v2\/pages"}],"about":[{"href":"https:\/\/meskmates.com\/es\/wp-json\/wp\/v2\/types\/page"}],"author":[{"embeddable":true,"href":"https:\/\/meskmates.com\/es\/wp-json\/wp\/v2\/users\/1"}],"replies":[{"embeddable":true,"href":"https:\/\/meskmates.com\/es\/wp-json\/wp\/v2\/comments?post=214"}],"version-history":[{"count":4,"href":"https:\/\/meskmates.com\/es\/wp-json\/wp\/v2\/pages\/214\/revisions"}],"predecessor-version":[{"id":1248,"href":"https:\/\/meskmates.com\/es\/wp-json\/wp\/v2\/pages\/214\/revisions\/1248"}],"wp:attachment":[{"href":"https:\/\/meskmates.com\/es\/wp-json\/wp\/v2\/media?parent=214"}],"curies":[{"name":"wp","href":"https:\/\/api.w.org\/{rel}","templated":true}]}}