{"id":401,"date":"2016-11-28T21:25:12","date_gmt":"2016-11-28T21:25:12","guid":{"rendered":"https:\/\/meskmates.com\/?page_id=401"},"modified":"2020-12-22T17:50:46","modified_gmt":"2020-12-22T17:50:46","slug":"inscripcio","status":"publish","type":"page","link":"https:\/\/meskmates.com\/es\/inscripcio\/","title":{"rendered":"Inscripci\u00f3n"},"content":{"rendered":"<p><\/p>\n<div role=\"form\" class=\"wpcf7\" id=\"wpcf7-f1201-o2\" lang=\"ca\" dir=\"ltr\">\n<div class=\"screen-reader-response\"><p role=\"status\" aria-live=\"polite\" aria-atomic=\"true\"><\/p> <ul><\/ul><\/div>\n<form action=\"\/es\/wp-json\/wp\/v2\/pages\/401#wpcf7-f1201-o2\" method=\"post\" class=\"wpcf7-form init\" novalidate=\"novalidate\" data-status=\"init\">\n<div style=\"display: none;\">\n<input type=\"hidden\" name=\"_wpcf7\" value=\"1201\" \/>\n<input type=\"hidden\" name=\"_wpcf7_version\" value=\"5.3.2\" \/>\n<input type=\"hidden\" name=\"_wpcf7_locale\" value=\"ca\" \/>\n<input type=\"hidden\" name=\"_wpcf7_unit_tag\" value=\"wpcf7-f1201-o2\" \/>\n<input type=\"hidden\" name=\"_wpcf7_container_post\" value=\"0\" \/>\n<input type=\"hidden\" name=\"_wpcf7_posted_data_hash\" value=\"\" \/>\n<\/div>\n<p>Nombre*<br \/>\n    <span class=\"wpcf7-form-control-wrap nombre\"><input type=\"text\" name=\"nombre\" value=\"\" size=\"40\" class=\"wpcf7-form-control wpcf7-text wpcf7-validates-as-required\" aria-required=\"true\" aria-invalid=\"false\" \/><\/span> <\/p>\n<p>Cognoms*<br \/>\n    <span class=\"wpcf7-form-control-wrap cognoms\"><input type=\"text\" name=\"cognoms\" value=\"\" size=\"40\" class=\"wpcf7-form-control wpcf7-text wpcf7-validates-as-required\" aria-required=\"true\" aria-invalid=\"false\" \/><\/span> <\/p>\n<p>Titulaci\u00f3n acad\u00e9mica*<br \/>\n    <span class=\"wpcf7-form-control-wrap ctitulacio\"><input type=\"text\" name=\"ctitulacio\" value=\"\" size=\"40\" class=\"wpcf7-form-control wpcf7-text wpcf7-validates-as-required\" aria-required=\"true\" aria-invalid=\"false\" \/><\/span> <\/p>\n<p>Tel\u00e9fono de contacto<br \/>\n <span class=\"wpcf7-form-control-wrap phone\"><input type=\"text\" name=\"phone\" value=\"\" size=\"40\" class=\"wpcf7-form-control wpcf7-text\" aria-invalid=\"false\" \/><\/span> <\/p>\n<p>Correo electr\u00f3nico*<br \/>\n    <span class=\"wpcf7-form-control-wrap correu\"><input type=\"email\" name=\"correu\" value=\"\" size=\"40\" class=\"wpcf7-form-control wpcf7-text wpcf7-email wpcf7-validates-as-required wpcf7-validates-as-email\" aria-required=\"true\" aria-invalid=\"false\" \/><\/span> <\/p>\n<p style=\"display:none\">Programa: <span class=\"wpcf7-form-control-wrap programa\"><input type=\"text\" name=\"programa\" value=\"\" size=\"40\" class=\"wpcf7-form-control wpcf7-text wpcf7-validates-as-required\" aria-required=\"true\" aria-invalid=\"false\" \/><\/span><\/p>\n<\/p>\n<p>Comentarios<br \/>\n    <span class=\"wpcf7-form-control-wrap message\"><textarea name=\"message\" cols=\"40\" rows=\"10\" class=\"wpcf7-form-control wpcf7-textarea\" aria-invalid=\"false\"><\/textarea><\/span> <\/p>\n<p><br\/><\/p>\n<div style=\"text-align:justify\">\n<p>De acuerdo con la Ley 15\/99, de 13 de diciembre, de protecci\u00f3n de datos de car\u00e1cter, le informamos que los datos de car\u00e1cter personal solicitados se incluir\u00e1n en el correspondiente fichero responsabilidad de Meskmates. La finalidad de la recogida de los datos, es la gesti\u00f3n de esta solicitud y el destinatario de la informaci\u00f3n pueden ser otras entidades p\u00fablicas en caso de que los datos se comuniquen a un tercero. Tambi\u00e9n acepto recibir nuevas ofertas de actividades organizadas desde Meskmates. Con esta inscripci\u00f3n, autorizo \u200b\u200ba Meskmates, a publicar en su caso, las im\u00e1genes de las fotograf\u00edas, en las que pueda aparecer, durante mi participaci\u00f3n en esta actividad. Se podr\u00e1 ejercer los derechos de acceso, rectificaci\u00f3n, cancelaci\u00f3n y oposici\u00f3n de los datos que se suministran, por medio del correo electr\u00f3nico a info@meskmates.com.<br \/>\nPor todo lo expuesto anteriormente, y con la \u00fanica finalidad de cumplir con las exigencias de la legislaci\u00f3n vigente en materia de protecci\u00f3n de datos, firmo como prueba de aceptaci\u00f3n.<\/p>\n<\/div>\n<p><span class=\"wpcf7-form-control-wrap checkbox-102\"><span class=\"wpcf7-form-control wpcf7-checkbox wpcf7-validates-as-required\"><span class=\"wpcf7-list-item first last\"><input type=\"checkbox\" name=\"checkbox-102[]\" value=\"He le\u00eddo y acepto las condiciones\" \/><span class=\"wpcf7-list-item-label\">He le\u00eddo y acepto las condiciones<\/span><\/span><\/span><\/span><\/p>\n<p>* Campos obligatorios<br \/>\n<span id=\"wpcf7-69f3f041e1581\" class=\"wpcf7-form-control-wrap honeypot-221-wrap\" style=\"display:none !important; visibility:hidden !important;\"><label  class=\"hp-message\">Deja este campo en blanco, por favor.<\/label><input class=\"wpcf7-form-control wpcf7-text\"  type=\"text\" name=\"honeypot-221\" value=\"\" size=\"40\" tabindex=\"-1\" autocomplete=\"nope\" \/><\/span><\/p>\n<p><input type=\"submit\" value=\"Enviar\" class=\"wpcf7-form-control wpcf7-submit\" \/><\/p>\n<div class=\"wpcf7-response-output\" aria-hidden=\"true\"><\/div><\/form><\/div>\n<p><\/p>","protected":false},"excerpt":{"rendered":"","protected":false},"author":1,"featured_media":0,"parent":0,"menu_order":26,"comment_status":"closed","ping_status":"closed","template":"","meta":[],"_links":{"self":[{"href":"https:\/\/meskmates.com\/es\/wp-json\/wp\/v2\/pages\/401"}],"collection":[{"href":"https:\/\/meskmates.com\/es\/wp-json\/wp\/v2\/pages"}],"about":[{"href":"https:\/\/meskmates.com\/es\/wp-json\/wp\/v2\/types\/page"}],"author":[{"embeddable":true,"href":"https:\/\/meskmates.com\/es\/wp-json\/wp\/v2\/users\/1"}],"replies":[{"embeddable":true,"href":"https:\/\/meskmates.com\/es\/wp-json\/wp\/v2\/comments?post=401"}],"version-history":[{"count":7,"href":"https:\/\/meskmates.com\/es\/wp-json\/wp\/v2\/pages\/401\/revisions"}],"predecessor-version":[{"id":1202,"href":"https:\/\/meskmates.com\/es\/wp-json\/wp\/v2\/pages\/401\/revisions\/1202"}],"wp:attachment":[{"href":"https:\/\/meskmates.com\/es\/wp-json\/wp\/v2\/media?parent=401"}],"curies":[{"name":"wp","href":"https:\/\/api.w.org\/{rel}","templated":true}]}}