{"id":436,"date":"2017-01-11T08:35:23","date_gmt":"2017-01-11T08:35:23","guid":{"rendered":"https:\/\/meskmates.com\/?page_id=436"},"modified":"2021-04-07T08:01:33","modified_gmt":"2021-04-07T08:01:33","slug":"ae-assesorament-a-escoles","status":"publish","type":"page","link":"https:\/\/meskmates.com\/es\/productos\/ae-assesorament-a-escoles\/","title":{"rendered":"AE Asesoramiento en escuelas"},"content":{"rendered":"<p><\/p>\n<p>&nbsp;<\/p>\n<table style=\"width: 100%;\">\n<tbody>\n<tr>\n<td>\n<p><img loading=\"lazy\" class=\"alignnone size-full wp-image-437 colorbox-436\" src=\"https:\/\/meskmates.com\/wp-content\/uploads\/2020\/12\/asesoramiento-formacion-matematicas-escuelas.jpg\" alt=\"\" width=\"440\" height=\"70\" data-id=\"437\" \/><\/p>\n<h2>\u00bfEn qu\u00e9 consiste?<\/h2>\n<p>El asesoramiento en escuelas tiene por objetivo acompa\u00f1ar al claustro en sus reflexiones y en el consiguiente cambio did\u00e1ctico hacia metodolog\u00edas m\u00e1s activas. Partimos del uso de material manipulativo y del fomento del di\u00e1logo matem\u00e1tico para promover este cambio.<\/p>\n<h2>Objetivos<\/h2>\n<p>La manipulaci\u00f3n es el punto de partida de cualquier aprendizaje. Cuando la manipulaci\u00f3n va acompa\u00f1ada de una representaci\u00f3n gr\u00e1fica de lo trabajado, se prepara al alumno para pasar, en el momento adecuado, a la etapa simb\u00f3lica.<br \/>\nEn un primer momento, esta parte simb\u00f3lica puede ser el grafismo de los n\u00fameros. M\u00e1s adelante, puede ser el algoritmo de las operaciones matem\u00e1ticas.<\/p>\n<h2>Beneficios<\/h2>\n<ul>\n<li>Los alumnos no basan su aprendizaje en la memorizaci\u00f3n de los procedimientos trabajados.<\/li>\n<li>El aprendizaje es activo y significativo.<\/li>\n<li>El equipo docente secuencia las actividades a trabajar en clase, respetando el desarrollo cognitivo de sus alumnos.<\/li>\n<li>Se respeta el ritmo de aprendizaje de cada alumno.<\/li>\n<\/ul>\n<\/td>\n<td style=\"width: 50%; vertical-align: top;\"><a href=\"https:\/\/meskmates.com\/wp-content\/uploads\/2018\/01\/training_room_solution_image.jpg\"><img loading=\"lazy\" class=\"wp-image-604  aligncenter colorbox-436\" src=\"https:\/\/meskmates.com\/wp-content\/uploads\/2018\/01\/training_room_solution_image-1024x768.jpg\" alt=\"\" width=\"410\" height=\"319\" data-id=\"604\" \/><\/a><\/td>\n<\/tr>\n<\/tbody>\n<\/table>\n<h2 style=\"padding-top: 40px;\">\u00a0<\/h2>\n<h2>Escuelas a las que estamos haciendo asesoramiento<\/h2>\n<table style=\"width: 80%; border-spacing: 20px !important;\" cellspacing=\"10\" cellpadding=\"10\">\n<tbody>\n<tr>\n<td style=\"width: 80px; vertical-align: middle;\"><img loading=\"lazy\" class=\"alignnone size-full wp-image-626 colorbox-436\" src=\"https:\/\/meskmates.com\/wp-content\/uploads\/2018\/01\/Captura-de-pantalla-2018-01-21-a-las-18.47.56.png\" alt=\"\" width=\"96\" height=\"34\" data-id=\"626\" \/><\/td>\n<td style=\"vertical-align: middle;\"><strong>ESCOLA ARRELS<\/strong><br \/>\n(Sta Margarida i Els Monjos),<br \/>\nCurso 2017-2018<\/td>\n<td style=\"width: 80px;\"><img loading=\"lazy\" class=\"alignnone size-full wp-image-444 colorbox-436\" src=\"https:\/\/meskmates.com\/wp-content\/uploads\/2017\/01\/1.png\" alt=\"\" width=\"62\" height=\"45\" data-id=\"444\" \/>\u00a0<\/td>\n<td style=\"vertical-align: middle;\">E<strong>SCOLA RAMON CASAS<\/strong><br \/>\n(Barcelona)<br \/>\nCurso 2016-2017. Asesoramiento y formaci\u00f3n<\/td>\n<\/tr>\n<tr>\n<td style=\"text-align: left; vertical-align: middle;\"><img loading=\"lazy\" class=\"alignnone size-full wp-image-617 colorbox-436\" src=\"https:\/\/meskmates.com\/wp-content\/uploads\/2018\/01\/Captura-de-pantalla-2018-01-21-a-las-18.46.35.png\" alt=\"\" width=\"62\" height=\"73\" data-id=\"617\" \/><\/td>\n<td style=\"vertical-align: middle;\"><strong>ESCOLA CLARET<\/strong><br \/>\n(Sabadell)<br \/>\nCurso 2016-2017. Primero y segundo trimestre.<br \/>\nAsesoramiento y formaci\u00f3n<\/td>\n<td>\u00a0<img loading=\"lazy\" class=\"alignnone size-full wp-image-625 colorbox-436\" src=\"https:\/\/meskmates.com\/wp-content\/uploads\/2018\/01\/Captura-de-pantalla-2018-01-21-a-las-18.47.47.png\" alt=\"\" width=\"61\" height=\"57\" data-id=\"625\" \/><\/td>\n<td style=\"vertical-align: middle;\"><strong>ESCOLA ESCOLA ROSER CAPDEVILA<\/strong><br \/>\n(Sentmenat)<br \/>\nCurso 2016-2017. Primer trimestre.<br \/>\nAsesoramiento y formaci\u00f3n<\/td>\n<\/tr>\n<tr>\n<td style=\"text-align: left; vertical-align: middle;\"><img loading=\"lazy\" class=\"alignnone size-full wp-image-627 colorbox-436\" src=\"https:\/\/meskmates.com\/wp-content\/uploads\/2018\/01\/Captura-de-pantalla-2018-01-21-a-las-18.46.41.png\" alt=\"\" width=\"69\" height=\"69\" data-id=\"627\" \/><\/td>\n<td style=\"vertical-align: middle;\"><strong>ESCOLA EL MORSELL<\/strong><br \/>\n(Olivella)<br \/>\nCurso 2016-2017. Primer trimestre.<br \/>\nAsesoramiento y formaci\u00f3n<\/td>\n<td>\u00a0<img loading=\"lazy\" class=\"alignnone size-full wp-image-624 colorbox-436\" src=\"https:\/\/meskmates.com\/wp-content\/uploads\/2018\/01\/Captura-de-pantalla-2018-01-21-a-las-18.47.42.png\" alt=\"\" width=\"70\" height=\"64\" data-id=\"624\" \/><\/td>\n<td style=\"vertical-align: middle;\"><strong>ESCOLA SANTA EUL\u00c0LIA<\/strong><br \/>\n(Berga)<br \/>\nCurso 2017-2018<\/td>\n<\/tr>\n<tr>\n<td style=\"text-align: left; vertical-align: middle;\"><img loading=\"lazy\" class=\"alignnone size-full wp-image-628 colorbox-436\" src=\"https:\/\/meskmates.com\/wp-content\/uploads\/2018\/01\/Captura-de-pantalla-2018-01-21-a-las-18.46.46.png\" alt=\"\" width=\"89\" height=\"49\" data-id=\"628\" \/><\/td>\n<td style=\"vertical-align: middle;\"><strong>ESCOLA EL TUR\u00d3<\/strong><br \/>\n(Montcada i Reixac)<br \/>\nCurso 2017-2018<\/td>\n<td><img loading=\"lazy\" class=\"alignnone size-full wp-image-623 colorbox-436\" src=\"https:\/\/meskmates.com\/wp-content\/uploads\/2018\/01\/Captura-de-pantalla-2018-01-21-a-las-18.47.39.png\" alt=\"\" width=\"65\" height=\"65\" data-id=\"623\" \/>\u00a0<\/td>\n<td style=\"vertical-align: middle;\"><strong>ESCOLA SANTA PERP\u00c8TUA<\/strong><br \/>\n(Santa Perp\u00e8tua de Mogoda)<br \/>\nCurso 2016-2017. Primer y segundo trimestre.<br \/>\nAsesoramiento y formaci\u00f3n<\/td>\n<\/tr>\n<tr>\n<td style=\"text-align: left; vertical-align: middle;\"><img loading=\"lazy\" class=\"alignnone size-full wp-image-613 colorbox-436\" src=\"https:\/\/meskmates.com\/wp-content\/uploads\/2018\/01\/Captura-de-pantalla-2018-01-21-a-las-18.46.50.png\" alt=\"\" width=\"65\" height=\"60\" data-id=\"613\" \/><\/td>\n<td style=\"vertical-align: middle;\">ESCOLA ISABEL DE VILLENA<br \/>\n(Esplugues de Llobregat)<br \/>\nCurso 2016-2017 i 2017-2018<\/td>\n<td><img loading=\"lazy\" class=\"alignnone size-full wp-image-618 colorbox-436\" src=\"https:\/\/meskmates.com\/wp-content\/uploads\/2018\/01\/Captura-de-pantalla-2018-01-21-a-las-18.47.29.png\" alt=\"\" width=\"85\" height=\"56\" data-id=\"618\" \/>\u00a0<\/td>\n<td style=\"vertical-align: middle;\"><strong>ESCOLA TABOR<\/strong><br \/>\n(Santa Perp\u00e8tua de Mogoda)<br \/>\nCurso 2016-2017 y 2017-2018\u00a0<\/td>\n<\/tr>\n<tr>\n<td style=\"text-align: left; vertical-align: middle;\"><img loading=\"lazy\" class=\"alignnone size-full wp-image-614 colorbox-436\" src=\"https:\/\/meskmates.com\/wp-content\/uploads\/2018\/01\/Captura-de-pantalla-2018-01-21-a-las-18.46.55.png\" alt=\"\" width=\"60\" height=\"62\" data-id=\"614\" \/><\/td>\n<td style=\"vertical-align: middle;\"><strong>ESCOLA LABOUR\u00c9<\/strong><br \/>\n(Barcelona)<br \/>\nCurso 2016-2017 i 2017-2018<\/td>\n<td><img loading=\"lazy\" class=\"alignnone size-full wp-image-619 colorbox-436\" src=\"https:\/\/meskmates.com\/wp-content\/uploads\/2018\/01\/Captura-de-pantalla-2018-01-21-a-las-18.47.25.png\" alt=\"\" width=\"65\" height=\"71\" data-id=\"619\" \/>\u00a0<\/td>\n<td style=\"vertical-align: middle;\"><strong>ESCOLA VERGE DE LA SALUT<\/strong><br \/>\n(Sant Boi de Llobregat)<br \/>\nCurso 2017-2018<\/td>\n<\/tr>\n<tr>\n<td style=\"text-align: left; vertical-align: middle;\"><img loading=\"lazy\" class=\"alignnone size-full wp-image-615 colorbox-436\" src=\"https:\/\/meskmates.com\/wp-content\/uploads\/2018\/01\/Captura-de-pantalla-2018-01-21-a-las-18.47.00.png\" alt=\"\" width=\"68\" height=\"60\" data-id=\"615\" \/><\/td>\n<td style=\"vertical-align: middle;\"><strong>ESCOLA LA FLORIDA<\/strong><br \/>\n(Santa Perp\u00e8tua de Mogoda)<br \/>\nCurso 2017-2018<\/td>\n<td><img loading=\"lazy\" class=\"alignnone size-full wp-image-620 colorbox-436\" src=\"https:\/\/meskmates.com\/wp-content\/uploads\/2018\/01\/Captura-de-pantalla-2018-01-21-a-las-18.47.20.png\" alt=\"\" width=\"81\" height=\"45\" data-id=\"620\" \/>\u00a0<\/td>\n<td style=\"vertical-align: middle;\"><strong>ESCOLA VICENTE FERRER<\/strong><br \/>\n(Sant Boi de Llobregat)<br \/>\nCurso 2016-2017. Primer y segundo trimestre.<br \/>\nAsesoramiento y formaci\u00f3n<\/td>\n<\/tr>\n<tr>\n<td style=\"text-align: left; vertical-align: middle;\"><img loading=\"lazy\" class=\"alignnone size-full wp-image-616 colorbox-436\" src=\"https:\/\/meskmates.com\/wp-content\/uploads\/2018\/01\/Captura-de-pantalla-2018-01-21-a-las-18.47.05.png\" alt=\"\" width=\"78\" height=\"46\" data-id=\"616\" \/><\/td>\n<td style=\"vertical-align: middle;\"><strong>ESCOLA PIA DE CALELLA<br \/>\n<\/strong>(Calella)<br \/>\nCurso 2016-2017. Primer trimestre.<br \/>\nAsesoramiento y formaci\u00f3n<\/td>\n<td><img loading=\"lazy\" class=\"alignnone size-full wp-image-621 colorbox-436\" src=\"https:\/\/meskmates.com\/wp-content\/uploads\/2018\/01\/Captura-de-pantalla-2018-01-21-a-las-18.47.14.png\" alt=\"\" width=\"59\" height=\"61\" data-id=\"621\" \/><\/td>\n<td style=\"vertical-align: middle;\"><strong>ROSA SENSAT<br \/>\n<\/strong>Escola d&#8217;Hivern y Escola d&#8217;Estiu, des de 2016<\/td>\n<\/tr>\n<tr>\n<td style=\"text-align: left; vertical-align: middle;\"><img loading=\"lazy\" class=\"alignnone size-full wp-image-622 colorbox-436\" src=\"https:\/\/meskmates.com\/wp-content\/uploads\/2018\/01\/Captura-de-pantalla-2018-01-21-a-las-18.47.10.png\" alt=\"\" width=\"82\" height=\"46\" data-id=\"622\" \/><\/td>\n<td style=\"vertical-align: middle;\"><strong>ESCOLA PIA DE SALT<br \/>\n<\/strong>(Salt)<br \/>\nCurso 2016-2017<\/td>\n<td>&nbsp;<\/td>\n<td>&nbsp;<\/td>\n<\/tr>\n<\/tbody>\n<\/table>\n<p>&nbsp;<\/p>\n<p><\/p>","protected":false},"excerpt":{"rendered":"<p>&nbsp; \u00bfEn qu\u00e9 consiste? El asesoramiento en escuelas tiene por objetivo acompa\u00f1ar al claustro en sus reflexiones y en el consiguiente cambio did\u00e1ctico hacia metodolog\u00edas m\u00e1s activas. Partimos del uso de material manipulativo y del fomento del di\u00e1logo matem\u00e1tico para promover este cambio. Objetivos La manipulaci\u00f3n es el punto de partida de cualquier aprendizaje. Cuando [&hellip;]<\/p>\n","protected":false},"author":1,"featured_media":0,"parent":10,"menu_order":9,"comment_status":"closed","ping_status":"closed","template":"no-title-page.php","meta":[],"_links":{"self":[{"href":"https:\/\/meskmates.com\/es\/wp-json\/wp\/v2\/pages\/436"}],"collection":[{"href":"https:\/\/meskmates.com\/es\/wp-json\/wp\/v2\/pages"}],"about":[{"href":"https:\/\/meskmates.com\/es\/wp-json\/wp\/v2\/types\/page"}],"author":[{"embeddable":true,"href":"https:\/\/meskmates.com\/es\/wp-json\/wp\/v2\/users\/1"}],"replies":[{"embeddable":true,"href":"https:\/\/meskmates.com\/es\/wp-json\/wp\/v2\/comments?post=436"}],"version-history":[{"count":36,"href":"https:\/\/meskmates.com\/es\/wp-json\/wp\/v2\/pages\/436\/revisions"}],"predecessor-version":[{"id":1268,"href":"https:\/\/meskmates.com\/es\/wp-json\/wp\/v2\/pages\/436\/revisions\/1268"}],"up":[{"embeddable":true,"href":"https:\/\/meskmates.com\/es\/wp-json\/wp\/v2\/pages\/10"}],"wp:attachment":[{"href":"https:\/\/meskmates.com\/es\/wp-json\/wp\/v2\/media?parent=436"}],"curies":[{"name":"wp","href":"https:\/\/api.w.org\/{rel}","templated":true}]}}