{"id":769,"date":"2020-06-15T20:39:47","date_gmt":"2020-06-15T20:39:47","guid":{"rendered":"https:\/\/meskmates.com\/?page_id=769"},"modified":"2020-12-29T19:57:10","modified_gmt":"2020-12-29T19:57:10","slug":"activitats","status":"publish","type":"page","link":"https:\/\/meskmates.com\/es\/actividades\/","title":{"rendered":"Actividades"},"content":{"rendered":"<p><\/p>\n<h1>CURSOS DE FORMACI\u00d3N PARA PROFESORES EN EL \u00c1REA DE MATEM\u00c1TICAS.<\/h1>\n<p><\/p>","protected":false},"excerpt":{"rendered":"<p>CURSOS DE FORMACI\u00d3N PARA PROFESORES EN EL \u00c1REA DE MATEM\u00c1TICAS.<\/p>\n","protected":false},"author":3,"featured_media":0,"parent":0,"menu_order":11,"comment_status":"closed","ping_status":"closed","template":"page-activitat.php","meta":[],"_links":{"self":[{"href":"https:\/\/meskmates.com\/es\/wp-json\/wp\/v2\/pages\/769"}],"collection":[{"href":"https:\/\/meskmates.com\/es\/wp-json\/wp\/v2\/pages"}],"about":[{"href":"https:\/\/meskmates.com\/es\/wp-json\/wp\/v2\/types\/page"}],"author":[{"embeddable":true,"href":"https:\/\/meskmates.com\/es\/wp-json\/wp\/v2\/users\/3"}],"replies":[{"embeddable":true,"href":"https:\/\/meskmates.com\/es\/wp-json\/wp\/v2\/comments?post=769"}],"version-history":[{"count":77,"href":"https:\/\/meskmates.com\/es\/wp-json\/wp\/v2\/pages\/769\/revisions"}],"predecessor-version":[{"id":1247,"href":"https:\/\/meskmates.com\/es\/wp-json\/wp\/v2\/pages\/769\/revisions\/1247"}],"wp:attachment":[{"href":"https:\/\/meskmates.com\/es\/wp-json\/wp\/v2\/media?parent=769"}],"curies":[{"name":"wp","href":"https:\/\/api.w.org\/{rel}","templated":true}]}}