{"id":868,"date":"2020-08-13T15:50:05","date_gmt":"2020-08-13T15:50:05","guid":{"rendered":"https:\/\/meskmates.com\/?page_id=868"},"modified":"2020-12-22T17:01:50","modified_gmt":"2020-12-22T17:01:50","slug":"programa-7","status":"publish","type":"page","link":"https:\/\/meskmates.com\/es\/programa-7\/","title":{"rendered":"D&#8217;on partim en les fraccions? &#8211; CAT"},"content":{"rendered":"<div style=\"width: 715px;\">\u00a0<\/div>\n<div style=\"width: 715px;\">\n<h1 style=\"color: #7585a0; display: block; font-size: 25px !important; font-weight: 500 !important; line-height: 28px !important; margin: 0 0 18px !important;\">\u00a0<\/h1>\n<h4><span style=\"color: red;\">2\u00aa EDICI\u00d3 d&#8217;aquesta formaci\u00f3 on-line<\/span><\/h4>\n<p>&nbsp;<\/p>\n<h4>Dimarts\u00a019 i 26 de gener i 2, 9 i 16 de febrer de 2021 a les 19:00h<\/h4>\n<p>&nbsp;<\/p>\n<h4>La fracci\u00f3 \u00e9s un concepte b\u00e0sic de les matem\u00e0tiques i necessita els seu temps de representaci\u00f3<\/h4>\n<p>&nbsp;<\/p>\n<div>\n<p>Curs adre\u00e7at als docents d\u2019educaci\u00f3 prim\u00e0ria. El concepte de fracci\u00f3 \u00e9s un dels puntals de les matem\u00e0tiques. Necessita temps de manipulaci\u00f3 i representaci\u00f3 per poder entendre profundament qu\u00e8 \u00e9s una fracci\u00f3, qu\u00e8 \u00e9s una fracci\u00f3 equivalent i com operar amb fraccions. Es treballar\u00e0 la progressi\u00f3 del concepte de fracci\u00f3 al llarg de la prim\u00e0ria i es veur\u00e0 com \u00e9s el fonament d\u2019una gran part de les matem\u00e0tiques de secund\u00e0ria. \u00a0Es compartiran materials concrets, diverses formes de representaci\u00f3 i les estrat\u00e8gies per treballar les fraccions m\u00e9s habituals.<\/p>\n<\/div>\n<ul>\n<li><strong>4 sessions <\/strong><strong>d\u2019una 1.5 h<\/strong> <strong>aprox. de durada.<\/strong><\/li>\n<li>Sessions <strong>on-line<\/strong>\u00a0<strong>que ser\u00e0 gravada i es podr\u00e0 consultar en qualsevol moment.<\/strong><\/li>\n<li>Hi haur\u00e0 una presentaci\u00f3 amb contingut i enlla\u00e7os.<\/li>\n<li>Tamb\u00e9 hi haur\u00e0 una relaci\u00f3 d\u2019activitats a cada una de les sessions per poder presentar i treballar les operacions de forma manipulativa.<\/li>\n<li>Tot el material estar\u00e0 disponible al drive, de manera que tots els participants es podran descarregar el que vulguin i quan vulguin.\u00a0<\/li>\n<\/ul>\n<\/div>\n<div style=\"width: 715px;\">\n<p><strong>DIA i HORA:<\/strong><\/p>\n<div style=\"width: 715px;\">\n<p class=\"p1\">Dies 19 i 26 de gener i 2, 9 i 16 de febrer de 2021. A les 19:00h<\/p>\n<p class=\"p1\">4 sessions d&#8217;1h 15 min aproximadament de durada cada una.<\/p>\n<p>&nbsp;<\/p>\n<p><strong>IDIOMA:\u00a0<\/strong><\/p>\n<p>Catal\u00e0<\/p>\n<p>&nbsp;<\/p>\n<p><strong>CERTIFICACI\u00d3:\u00a0<\/strong><\/p>\n<p>En tr\u00e0mit<\/p>\n<p>&nbsp;<\/p>\n<\/div>\n<p><strong>PREU:\u00a0<\/strong><\/p>\n<div style=\"width: 715px;\">\n<p>75 \u20ac (70 \u20ac si s\u2019apunta m\u00e9s d\u2019un docent del mateix centre o si ja s\u2019ha fet algun altre curs de +KMATES)<\/p>\n<p>&nbsp;<\/p>\n<\/div>\n<table style=\"background-color: #ffffff; width: 40%;\">\n<tbody>\n<tr>\n<td><a class=\"button\" href=\"https:\/\/meskmates.com\/inscripcio\/?programa=FRACCIONS\">Inscriu-te ara!<\/a><\/td>\n<td>&nbsp;<\/td>\n<\/tr>\n<\/tbody>\n<\/table>\n<\/div>\n","protected":false},"excerpt":{"rendered":"<p>\u00a0 \u00a0 2\u00aa EDICI\u00d3 d&#8217;aquesta formaci\u00f3 on-line &nbsp; Dimarts\u00a019 i 26 de gener i 2, 9 i 16 de febrer de 2021 a les 19:00h &nbsp; La fracci\u00f3 \u00e9s un concepte b\u00e0sic de les matem\u00e0tiques i necessita els seu temps de representaci\u00f3 &nbsp; Curs adre\u00e7at als docents d\u2019educaci\u00f3 prim\u00e0ria. El concepte de fracci\u00f3 \u00e9s un [&hellip;]<\/p>\n","protected":false},"author":3,"featured_media":0,"parent":0,"menu_order":21,"comment_status":"closed","ping_status":"closed","template":"","meta":[],"_links":{"self":[{"href":"https:\/\/meskmates.com\/es\/wp-json\/wp\/v2\/pages\/868"}],"collection":[{"href":"https:\/\/meskmates.com\/es\/wp-json\/wp\/v2\/pages"}],"about":[{"href":"https:\/\/meskmates.com\/es\/wp-json\/wp\/v2\/types\/page"}],"author":[{"embeddable":true,"href":"https:\/\/meskmates.com\/es\/wp-json\/wp\/v2\/users\/3"}],"replies":[{"embeddable":true,"href":"https:\/\/meskmates.com\/es\/wp-json\/wp\/v2\/comments?post=868"}],"version-history":[{"count":27,"href":"https:\/\/meskmates.com\/es\/wp-json\/wp\/v2\/pages\/868\/revisions"}],"predecessor-version":[{"id":1193,"href":"https:\/\/meskmates.com\/es\/wp-json\/wp\/v2\/pages\/868\/revisions\/1193"}],"wp:attachment":[{"href":"https:\/\/meskmates.com\/es\/wp-json\/wp\/v2\/media?parent=868"}],"curies":[{"name":"wp","href":"https:\/\/api.w.org\/{rel}","templated":true}]}}