{"id":940,"date":"2020-09-28T10:47:31","date_gmt":"2020-09-28T10:47:31","guid":{"rendered":"https:\/\/meskmates.com\/?page_id=940"},"modified":"2020-12-29T14:44:25","modified_gmt":"2020-12-29T14:44:25","slug":"programa-9","status":"publish","type":"page","link":"https:\/\/meskmates.com\/es\/programa-9\/","title":{"rendered":"Los peque\u00f1os tambi\u00e9n pueden contar"},"content":{"rendered":"<p><\/p>\n<div style=\"width: 715px;\"><img loading=\"lazy\" class=\"alignleft size-full wp-image-976 colorbox-940\" src=\"https:\/\/meskmates.com\/wp-content\/uploads\/2020\/10\/Los-peque\u00f1os-web.jpg\" alt=\"Curso para profesorado de Infantil Los Peque\u00f1os tambi\u00e9n saben contar\" width=\"917\" height=\"480\" data-id=\"976\" \/><\/div>\n<div style=\"width: 715px;\">\n<h1 style=\"color: #7585a0; display: block; font-size: 25px !important; font-weight: 500 !important; line-height: 28px !important; margin: 0 0 18px !important;\">\u00a0<\/h1>\n<h4><span style=\"color: #ed1b24;\">3\u00aa EDICI\u00d3N de esta formaci\u00f3n on-line<\/span><\/h4>\n<h4>Jueves 21 y 28 de Enero y 4, 11 y 18 de Febrero de 2021 a las 18:00h<\/h4>\n<\/div>\n<h4>La nueva forma de ense\u00f1ar matem\u00e1ticas a los m\u00e1s peque\u00f1os<\/h4>\n<div style=\"width: 715px;\">\n<div>Este curso se dirige especialmente al <strong>claustro de Infantil.<\/strong> Es un curso de 5 semanas de duraci\u00f3n donde <strong>trataremos el conteo en esta etapa, la geometr\u00eda, las seriaciones y c\u00f3mo podemos introducir el discurso matem\u00e1tico en las aulas de Infantil<\/strong> para apoyar cualquiera de las actividades, as\u00ed como<strong> tambi\u00e9n en el trabajo de problemas y en el c\u00e1lculo mental.<\/strong><\/div>\n<div>\u00a0<\/div>\n<div>Es un curso con suficientes actividades, recursos y contenido te\u00f3rico como para seguir el curso 2020-2021 con suficientes herramientas de ense\u00f1anza, a pesar de las incertidumbres que hay en estos momentos y, por lo tanto, <strong>para poder tener tambi\u00e9n recursos de actividades matem\u00e1ticas que los alumnos puedan hacer en casa.<\/strong><\/div>\n<div>\u00a0<\/div>\n<div>\n<strong>MODALIDAD:<\/strong><\/div>\n<ul>\n<li>Clases online de una <strong>1.5 h aprox. de duraci\u00f3n.<\/strong><\/li>\n<li><strong>On-line:\u00a0<\/strong>Todo el material (teor\u00eda, actividades, juegos, aplicaciones en abierto y recursos) estar\u00e1 disponible en nuestra Drive y se ir\u00e1 haciendo visible cada semana.<\/li>\n<li>Cada <strong>sesi\u00f3n que ser\u00e1 grabada<\/strong> y se podr\u00e1 consultar en cualquier momento.<\/li>\n<li>Habr\u00e1 <strong>una presentaci\u00f3n con contenido y enlaces<\/strong>. Se explicar\u00e1 la distribuci\u00f3n de los contenidos y recursos.<\/li>\n<li>Esta sesi\u00f3n tambi\u00e9n se grabar\u00e1 para la gente que no pueda asistir, y <strong>estar\u00e1 disponible en el Drive, como todo el material del curso.<\/strong><\/li>\n<\/ul>\n<p>Todas las semanas habr\u00e1 un foro abierto y la posibilidad de pedir tutor\u00eda para aclarar dudas.<\/p>\n<p>&nbsp;<\/p>\n<div dir=\"auto\"><strong>PROGRAMACI\u00d3N:<\/strong><\/div>\n<\/div>\n<div style=\"width: 715px;\">\n<ul>\n<li><strong>Bloque 1<\/strong>: Conteo a infantil. Parrillas de 5 y de 10<\/li>\n<li><strong>Bloque 2<\/strong>: Conteo a infantil. rekenrek y cadenas de bolas<\/li>\n<li><strong>Bloque 3<\/strong>: Geometr\u00eda en infantil y discurso matem\u00e1tico<\/li>\n<li><strong>Bloque 4<\/strong>: Seriaciones, l\u00f3gica y problemas abiertos a infantil<\/li>\n<li><strong>Bloque 5<\/strong>: C\u00e1lculo mental infantil<\/li>\n<\/ul>\n<p>&nbsp;<\/p>\n<p><strong>D\u00cdA Y HORA:<\/strong><\/p>\n<p>D\u00edas 21 y 28 de Enero y 4, 11 y 18 de Febrero de 2021. A las 18:00h<\/p>\n<p>5 sesiones de 1h 15 min aproximadamente cada una.<\/p>\n<p>&nbsp;<\/p>\n<p><strong>PRECIO:<\/strong><\/p>\n<p>95 \u20ac (90 \u20ac si se apunta m\u00e1s de un docente del mismo centro)<\/p>\n<p>El precio incluye:<\/p>\n<ul>\n<li class=\"p1\">Toda la <strong>teor\u00eda en PDF.<\/strong><\/li>\n<li class=\"p1\"><strong>V\u00eddeos tutoriales<\/strong> de las diferentes aplicaciones que presentaremos.<\/li>\n<li class=\"p1\"><strong>M\u00e1s de 60 actividades.<\/strong><\/li>\n<li class=\"p1\"><strong>15 juegos propios<\/strong> y una relaci\u00f3n de <strong>juegos comerciales que complementan<\/strong> todo lo que trabajaremos<\/li>\n<li class=\"p1\">Material para trabajar el c\u00e1lculo mental siguiendo la metodolog\u00eda de los <strong>NUMBER TALKS.<\/strong><\/li>\n<\/ul>\n<\/div>\n<p>&nbsp;<\/p>\n<table style=\"background-color: #ffffff; width: 40%;\">\n<tbody>\n<tr>\n<td style=\"width: 91.958%;\"><a class=\"button\" href=\"https:\/\/meskmates.com\/inscripcio\/?programa=LOS%20PEQUE\u00d1OS\">Inscr\u00edvete<\/a><\/td>\n<td style=\"width: 5.24476%;\">\u00a0<\/td>\n<\/tr>\n<\/tbody>\n<\/table>\n<p><\/p>","protected":false},"excerpt":{"rendered":"<p>\u00a0 3\u00aa EDICI\u00d3N de esta formaci\u00f3n on-line Jueves 21 y 28 de Enero y 4, 11 y 18 de Febrero de 2021 a las 18:00h La nueva forma de ense\u00f1ar matem\u00e1ticas a los m\u00e1s peque\u00f1os Este curso se dirige especialmente al claustro de Infantil. Es un curso de 5 semanas de duraci\u00f3n donde trataremos el [&hellip;]<\/p>\n","protected":false},"author":3,"featured_media":0,"parent":0,"menu_order":2,"comment_status":"closed","ping_status":"closed","template":"","meta":[],"_links":{"self":[{"href":"https:\/\/meskmates.com\/es\/wp-json\/wp\/v2\/pages\/940"}],"collection":[{"href":"https:\/\/meskmates.com\/es\/wp-json\/wp\/v2\/pages"}],"about":[{"href":"https:\/\/meskmates.com\/es\/wp-json\/wp\/v2\/types\/page"}],"author":[{"embeddable":true,"href":"https:\/\/meskmates.com\/es\/wp-json\/wp\/v2\/users\/3"}],"replies":[{"embeddable":true,"href":"https:\/\/meskmates.com\/es\/wp-json\/wp\/v2\/comments?post=940"}],"version-history":[{"count":17,"href":"https:\/\/meskmates.com\/es\/wp-json\/wp\/v2\/pages\/940\/revisions"}],"predecessor-version":[{"id":1209,"href":"https:\/\/meskmates.com\/es\/wp-json\/wp\/v2\/pages\/940\/revisions\/1209"}],"wp:attachment":[{"href":"https:\/\/meskmates.com\/es\/wp-json\/wp\/v2\/media?parent=940"}],"curies":[{"name":"wp","href":"https:\/\/api.w.org\/{rel}","templated":true}]}}