{"id":96,"date":"2016-02-18T20:33:12","date_gmt":"2016-02-18T20:33:12","guid":{"rendered":"https:\/\/meskmates.com\/?page_id=96"},"modified":"2021-04-07T07:59:23","modified_gmt":"2021-04-07T07:59:23","slug":"producte-match-games","status":"publish","type":"page","link":"https:\/\/meskmates.com\/es\/productos\/math-games\/","title":{"rendered":"Math Games"},"content":{"rendered":"<p><\/p>\n<table style=\"width: 100%;\">\n<tbody>\n<tr>\n<td style=\"text-align: left; vertical-align: top;\">\n<h2><img loading=\"lazy\" class=\"alignnone size-full wp-image-99 colorbox-96\" src=\"https:\/\/meskmates.com\/wp-content\/uploads\/2016\/02\/logo-match-games.png\" alt=\"logo-match-games\" width=\"272\" height=\"66\" data-id=\"99\" \/><\/h2>\n<h2>\u00bfEn qu\u00e9 consiste?<\/h2>\n<p>Se trata de un conjunto de juegos matem\u00e1ticos pensados para apoyar el aprendizaje de las matem\u00e1ticas en educaci\u00f3n infantil y primaria.<\/p>\n<h2>Objetivos<\/h2>\n<p>Cada juego tiene un objetivo diferente: descomposici\u00f3n del 5 y el 10, trabajar la decena para facilitar el c\u00e1lculo, visualizaci\u00f3n de la recta num\u00e9rica, \u2026 Con el material proporcionado y usando la representaci\u00f3n gr\u00e1fica, se introducen y refuerzan las operaciones b\u00e1sicas trabajadas en cada etapa, as\u00ed como sus propiedades.<\/p>\n<p>Cada juego tiene sus normas. Una vez el docente las ha explicado, los alumnos juegan a su propio ritmo, autogestion\u00e1ndose. Todos los juegos promueven el di\u00e1logo matem\u00e1tico, ya que el alumno tiene que explicar qu\u00e9 est\u00e1 haciendo y por qu\u00e9. Una vez terminada la sesi\u00f3n de juego, se realiza una puesta en com\u00fan en la que el docente recoge las conclusiones a las que el grupo ha llegado, ayud\u00e1ndole a encontrar conexiones y ver patrones.<\/p>\n<h2>Beneficios<\/h2>\n<ul>\n<li>El alumno tiene un papel activo en todo el proceso, ya que es responsable de seguir las normas del juego y autorregularse..<\/li>\n<li>El objetivo principal es aprender jugando. Los juegos no tienen una filosof\u00eda competitiva y lo que realmente importa no es acabar primero u obtener la m\u00e1xima puntuaci\u00f3n, sin\u00f3 haber entendido el juego y saber lo que se est\u00e1 haciendo.<\/li>\n<li>Los juegos pueden durar el rato que se quiera. Todos los alumnos pueden jugar a un mismo juego o se pueden tener distintos juegos similares funcionando a la vez en un mismo espacio.<\/li>\n<li>La dificultad de los juegos se adapta a la diversidad del aula y al nivel de los alumnos.<\/li>\n<\/ul>\n<\/td>\n<td style=\"width: 50%; text-align: right; vertical-align: top;\"><img loading=\"lazy\" class=\"padding_top_100 alignnone wp-image-97 size-full colorbox-96\" src=\"https:\/\/meskmates.com\/wp-content\/uploads\/2020\/12\/info-math-games-es.jpg\" alt=\"Captura de pantalla 2016-02-18 a las 21.27.26\" width=\"378\" height=\"589\" data-id=\"97\" \/><\/td>\n<\/tr>\n<\/tbody>\n<\/table>\n<p><\/p>","protected":false},"excerpt":{"rendered":"<p>\u00bfEn qu\u00e9 consiste? Se trata de un conjunto de juegos matem\u00e1ticos pensados para apoyar el aprendizaje de las matem\u00e1ticas en educaci\u00f3n infantil y primaria. Objetivos Cada juego tiene un objetivo diferente: descomposici\u00f3n del 5 y el 10, trabajar la decena para facilitar el c\u00e1lculo, visualizaci\u00f3n de la recta num\u00e9rica, \u2026 Con el material proporcionado y [&hellip;]<\/p>\n","protected":false},"author":1,"featured_media":0,"parent":10,"menu_order":8,"comment_status":"closed","ping_status":"closed","template":"","meta":[],"_links":{"self":[{"href":"https:\/\/meskmates.com\/es\/wp-json\/wp\/v2\/pages\/96"}],"collection":[{"href":"https:\/\/meskmates.com\/es\/wp-json\/wp\/v2\/pages"}],"about":[{"href":"https:\/\/meskmates.com\/es\/wp-json\/wp\/v2\/types\/page"}],"author":[{"embeddable":true,"href":"https:\/\/meskmates.com\/es\/wp-json\/wp\/v2\/users\/1"}],"replies":[{"embeddable":true,"href":"https:\/\/meskmates.com\/es\/wp-json\/wp\/v2\/comments?post=96"}],"version-history":[{"count":8,"href":"https:\/\/meskmates.com\/es\/wp-json\/wp\/v2\/pages\/96\/revisions"}],"predecessor-version":[{"id":1267,"href":"https:\/\/meskmates.com\/es\/wp-json\/wp\/v2\/pages\/96\/revisions\/1267"}],"up":[{"embeddable":true,"href":"https:\/\/meskmates.com\/es\/wp-json\/wp\/v2\/pages\/10"}],"wp:attachment":[{"href":"https:\/\/meskmates.com\/es\/wp-json\/wp\/v2\/media?parent=96"}],"curies":[{"name":"wp","href":"https:\/\/api.w.org\/{rel}","templated":true}]}}